{"id":3,"date":"2024-07-02T02:51:36","date_gmt":"2024-07-02T02:51:36","guid":{"rendered":"https:\/\/bancos-celulas-madre.org\/shop\/?page_id=3"},"modified":"2025-05-11T18:40:07","modified_gmt":"2025-05-11T18:40:07","slug":"aviso-de-privacidad","status":"publish","type":"page","link":"https:\/\/cryolabadn.com\/shop\/aviso-de-privacidad\/","title":{"rendered":"Aviso de privacidad"},"content":{"rendered":"\n<p>Cryo-Cell de M\u00e9xico, S.A. de C.V. (en adelante como el <strong>\u201cResponsable\u201d<\/strong> o <strong>\u201cCryo-Cell\u201d<\/strong>), con domicilio en Av. Aztecas, n\u00famero 295, Fraccionamiento Monraz, C.P. 44670, Guadalajara, Jalisco, M\u00e9xico, es el responsable de recabar sus datos personales, del tratamiento de sus datos personales, del uso que se le d\u00e9 a los mismo y de su protecci\u00f3n en t\u00e9rminos de lo dispuesto en la Ley Federal de Protecci\u00f3n de Datos Personales en Posesi\u00f3n de los Particulares (la <strong>\u201cLey\u201d<\/strong>), el Reglamento de la Ley Federal de Protecci\u00f3n de Datos Personales en Posesi\u00f3n de particulares (el <strong>\u201cReglamento\u201d<\/strong>).<\/p>\n\n\n\n<p>El presente Aviso de Privacidad (en adelante el \u201c<strong>Aviso<\/strong>\u201d) se pone a la disposici\u00f3n de todas las personas con las que el Responsable podr\u00eda interactuar de tiempo en tiempo, como clientes, usuarios, responsables, representados, entre otros, que tengan acceso a el sitio web: www.cryolabadn.com (a todos los anteriores ser\u00e1n referidos como el \u201c<strong>Titular<\/strong>\u201d).<\/p>\n\n\n\n<p>El Titular en todo momento tendr\u00e1 acceso a sus Datos Personales y\/o Datos Sensibles, ya sea para solicitar su Rectificaci\u00f3n, Cancelaci\u00f3n u Oposici\u00f3n de conformidad con lo dispuesto en la Ley, en forma escrita o electr\u00f3nica, dirigiendo su mensaje a Cryo-Cell de M\u00e9xico, S.A. de C.V., con domicilio en Av. Aztecas, n\u00famero 295, Fraccionamiento Monraz, C.P. 44670, Guadalajara, Jalisco, M\u00e9xico, o al correo electr\u00f3nico: cryolabadn@cryo-cell.com.mx, o a la l\u00ednea de tel\u00e9fono: 800 999 2796, de lunes a viernes de las 9:00 a.m. a las 18:00 p.m. horas.<\/p>\n\n\n\n<p>Su informaci\u00f3n personal ser\u00e1 utilizada para: (i) identificar a el Titular; (ii) ponernos en contacto con el Titular; (iii) proveer los servicios e informaci\u00f3n que solicite de tiempo en tiempo el Titular; (iv) comunicarle al Titular sobre cambios que haya en los servicios adquiridos y\/o en los procesos para prestar los servicios; (v) evaluar la calidad del servicio brindado; (vi); para hacerle llegar en f\u00edsico o en electr\u00f3nico, boletines y\/o publicaciones informativas, e informarle sobre nuevos productos y servicios, as\u00ed como (vii) transferir los datos con los terceros que sean autorizados por el Responsable para prestar los servicios de forma completa y segura. Salvo los puntos (v); (vi) y (vii), las finalidades antes mencionadas son necesarias para la existencia, mantenimiento y cumplimiento de la relaci\u00f3n entre el Titular y el Responsable.<\/p>\n\n\n\n<h2 class=\"wp-block-heading\"><strong>Datos personales y sensibles<\/strong><\/h2>\n\n\n\n<p>Para las finalidades antes mencionadas, requerimos obtener los siguientes datos personales: datos de identificaci\u00f3n y de contacto (tales como nombre, fecha de nacimiento, direcci\u00f3n, tel\u00e9fono, correo electr\u00f3nico, Registro Federal de Contribuyentes (R.F.C.), INE, Pasaporte o C\u00e9dula Profesional vigente), siendo necesarios para que el Titular pueda llevar a cabo su registro dentro del Sitio y recibir informaci\u00f3n relacionada con promociones, nuevos productos, ofertas, etc.<\/p>\n\n\n\n<p>En casos muy limitados, el Responsable puede llegar a obtener datos de salud relacionados con el Titular, para efectos de prestar los servicios de manera adecuada y\/o evaluar la posibilidad de prestar los servicios a el Titular, as\u00ed como, los datos patrimoniales para el cobro de los servicios contratados (de ser aplicable los datos de su tarjeta de d\u00e9bito\/cr\u00e9dito); de los cuales, los datos patrimoniales y los datos de salud son considerados como datos sensibles seg\u00fan la Ley. Antes de obtener informaci\u00f3n sensible de un Titular, el Responsable le solicitar\u00e1 su consentimiento previo y por escrito en los casos en que resulte necesario, de acuerdo con lo previsto en la Ley y su Reglamento.<\/p>\n\n\n\n<h2 class=\"wp-block-heading\"><strong>Medio de obtenci\u00f3n los datos personales y sensibles<\/strong><\/h2>\n\n\n\n<p>La manera en que el Responsable puede obtener cualquiera de los datos, es mediante las siguientes formas: (i) personalmente con el Titular; (ii) de manera directa, a trav\u00e9s de medios electr\u00f3nicos, \u00f3pticos o de cualquier otra naturaleza administrados por Cryo-Cell, tales como: correo electr\u00f3nico, redes sociales, aplicaciones de mensajer\u00eda instant\u00e1nea, plataformas, aplicaciones m\u00f3viles, sitios web, por v\u00eda telef\u00f3nica, entre otros; (iii) de manera directa, mediante informaci\u00f3n provista por terceros, en la medida y bajo los requisitos que establece la Ley y su Reglamento.<\/p>\n\n\n\n<h2 class=\"wp-block-heading\"><strong>Seguridad de los datos personales<\/strong><\/h2>\n\n\n\n<p>El Responsable implementar\u00e1 las medidas de seguridad administrativas, f\u00edsicas y t\u00e9cnicas necesarias para proteger sus datos personales y sensibles para evitar su da\u00f1o, p\u00e9rdida, alteraci\u00f3n, destrucci\u00f3n o el uso, acceso o tratamiento no autorizado. No obstante lo anterior, las medidas adoptada pueden ser susceptibles de violaciones por actos fuera del control del Responsable, por lo que, sin responsabilidad, se compromete \u00fanicamente a informar a los Titulares en caso de que existan vulneraciones a las medidas de seguridad, para que el Titular pueda tomar las medidas correspondientes para defensa de sus derechos.<\/p>\n\n\n\n<p>\u00danicamente el personal autorizado, que ha cumplido y observado los correspondientes requisitos de confidencialidad, podr\u00e1 participar en el tratamiento de sus datos personales. El personal autorizado tiene prohibido permitir el acceso de personas no autorizadas y utilizar sus datos personales para fines distintos a los establecidos en el presente Aviso de Privacidad. La obligaci\u00f3n de confidencialidad de las personas que participan en el tratamiento de sus datos personales subsiste aun despu\u00e9s de terminada la relaci\u00f3n con Cryo-Cell.<\/p>\n\n\n\n<h2 class=\"wp-block-heading\">Comunicaciones y Transferencias de datos personales<\/h2>\n\n\n\n<p>El Responsable \u00fanicamente transferir\u00e1 sus datos personales a sus compa\u00f1\u00edas filiales o terceros autorizados para la exclusiva finalidad de cumplir con los servicios contratados por usted, salvo las excepciones previstas por la Ley y su Reglamento. El Responsable se asegurar\u00e1 a trav\u00e9s de la firma de convenios y\/o la celebraci\u00f3n de otros documentos vinculantes, de que dichos terceros mantengan medidas de seguridad, administrativas, f\u00edsicas y t\u00e9cnicas adecuadas para resguardar sus datos personales, as\u00ed como que dichos terceros \u00fanicamente utilicen sus datos personales para las finalidades para las cuales fueron recabados y de conformidad con el presente Aviso de Privacidad.<\/p>\n\n\n\n<p>Si usted no manifiesta su oposici\u00f3n para que sus datos personales sean transferidos, se entender\u00e1 que ha otorgado su consentimiento para ello.<\/p>\n\n\n\n<h2 class=\"wp-block-heading\">Derechos ARCO<\/h2>\n\n\n\n<p>Es importante informarle que usted tiene derecho al Acceso, Rectificaci\u00f3n y Cancelaci\u00f3n de sus datos personales, a Oponerse al tratamiento de los mismos o a revocar el consentimiento que para dicho fin nos haya otorgado. Para conocer los procedimientos, requisitos y plazos para ello, es necesario que dirija la solicitud en los t\u00e9rminos que marca la Ley al Departamento de Protecci\u00f3n de Datos Personales de Cryo-Cell en el domicilio o tel\u00e9fono aqu\u00ed se\u00f1alado o v\u00eda correo electr\u00f3nico a cryolabadn@cryocell.com.mx, el cual solicitamos confirme v\u00eda telef\u00f3nica para garantizar su correcta recepci\u00f3n.<\/p>\n\n\n\n<h2 class=\"wp-block-heading\">Modificaciones al Aviso de Privacidad<\/h2>\n\n\n\n<p>El Responsable se reserva el derecho de modificar en cualquier momento el contenido del presente Aviso de Privacidad, en raz\u00f3n de poder atender cualquier actualizaci\u00f3n de la Ley, su Reglamento,<br>pol\u00edticas internas, criterios judiciales, nuevos productos, pr\u00e1cticas en el mercado, entre otros; en tal caso el Titular ser\u00e1 informado a trav\u00e9s de actualizaciones que Cryo-Cell presente a trav\u00e9s de: www.cryolabadn.com. Las modificaciones entrar\u00e1n en vigor el d\u00eda de su publicaci\u00f3n dentro del sitio web mencionado.<\/p>\n","protected":false},"excerpt":{"rendered":"<p>Cryo-Cell de M\u00e9xico, S.A. de C.V. (en adelante como el \u201cResponsable\u201d o \u201cCryo-Cell\u201d), con domicilio en Av. Aztecas, n\u00famero 295, Fraccionamiento Monraz, C.P. 44670, Guadalajara, Jalisco, M\u00e9xico, es el responsable de recabar sus datos personales, del tratamiento de sus datos personales, del uso que se le d\u00e9 a los mismo y de su protecci\u00f3n en&#8230;<\/p>\n","protected":false},"author":1,"featured_media":0,"parent":0,"menu_order":0,"comment_status":"closed","ping_status":"open","template":"page-terms.php","meta":{"_acf_changed":false,"footnotes":""},"class_list":["post-3","page","type-page","status-publish","hentry","entry"],"acf":[],"_links":{"self":[{"href":"https:\/\/cryolabadn.com\/shop\/wp-json\/wp\/v2\/pages\/3","targetHints":{"allow":["GET"]}}],"collection":[{"href":"https:\/\/cryolabadn.com\/shop\/wp-json\/wp\/v2\/pages"}],"about":[{"href":"https:\/\/cryolabadn.com\/shop\/wp-json\/wp\/v2\/types\/page"}],"author":[{"embeddable":true,"href":"https:\/\/cryolabadn.com\/shop\/wp-json\/wp\/v2\/users\/1"}],"replies":[{"embeddable":true,"href":"https:\/\/cryolabadn.com\/shop\/wp-json\/wp\/v2\/comments?post=3"}],"version-history":[{"count":3,"href":"https:\/\/cryolabadn.com\/shop\/wp-json\/wp\/v2\/pages\/3\/revisions"}],"predecessor-version":[{"id":289,"href":"https:\/\/cryolabadn.com\/shop\/wp-json\/wp\/v2\/pages\/3\/revisions\/289"}],"wp:attachment":[{"href":"https:\/\/cryolabadn.com\/shop\/wp-json\/wp\/v2\/media?parent=3"}],"curies":[{"name":"wp","href":"https:\/\/api.w.org\/{rel}","templated":true}]}}