{"id":360,"date":"2025-05-17T16:23:04","date_gmt":"2025-05-17T16:23:04","guid":{"rendered":"https:\/\/cryolabadn.com\/shop\/?page_id=360"},"modified":"2025-05-17T16:24:09","modified_gmt":"2025-05-17T16:24:09","slug":"contrato-de-adhesion","status":"publish","type":"page","link":"https:\/\/cryolabadn.com\/shop\/contrato-de-adhesion\/","title":{"rendered":"CONTRATO DE ADHESI\u00d3N EN COMERCIO ELECTR\u00d3NICO PARA LA ADQUISICI\u00d3N DE SERVICIOS"},"content":{"rendered":"\n<p>El presente contrato describe los t\u00e9rminos y condiciones con los cuales las partes contratantes aceptan llevar a cabo la correspondiente transacci\u00f3n comercial. Por lo anterior, se recomienda al usuario leer detenidamente los mismos, a efecto de tener pleno conocimiento de sus derechos y obligaciones dentro de la relaci\u00f3n de consumo.<\/p>\n\n\n\n<p>Cryo-Cell de M\u00e9xico, S.A. de C.V. manifiesta que cumple con la Ley Federal de Protecci\u00f3n al Consumidor y Norma Mexicana NMX-COE-001-SCFI-2018, Comercio Electr\u00f3nicoDisposiciones a las que se sujetar\u00e1n aquellas personas que ofrezcan, comercialicen o vendan bienes, productos o servicios.<\/p>\n\n\n\n<p>Cryo-Cell de M\u00e9xico, S.A. de C.V. manifiesta que ha suscrito el C\u00f3digo de \u00c9tica en materia de Comercio Electr\u00f3nico de la Procuradur\u00eda Federal del Consumidor, mismo que podr\u00e1s consultar <a href=\"https:\/\/cryolabadn.com\/shop\/codigo-de-etica\/\" data-type=\"page\" data-id=\"337\">aqu\u00ed<\/a>.<\/p>\n\n\n\n<p><strong>T\u00e9rminos y condiciones para la comercializaci\u00f3n de servicios que ofrece Cryo-Cell de M\u00e9xico, S.A. de C.V.<\/strong><\/p>\n\n\n\n<p>Cryo-Cell de M\u00e9xico, S.A. de C.V., se compromete a mantener p\u00fablicos los t\u00e9rminos y condiciones para la prestaci\u00f3n del servicio ofertado en la p\u00e1gina electr\u00f3nica: cryolabADN.com. en lo sucesivo el Sitio. Para una debida informaci\u00f3n al usuario, Cryo-Cell de M\u00e9xico, S.A. de C.V. en lo sucesivo Cryo-Cell declara que es una empresa legalmente constituida, con nombre comercial CryoCell de M\u00e9xico, en su caso, marca comercial Cryolab, por lo que manifiesta que su domicilio f\u00edsico en territorio nacional se ubica en Av. Aztecas, No. 295, Colonia Monraz, C.P. 44670, Guadalajara, Jalisco, cuenta con RFC: CCM010719LX0, n\u00famero telef\u00f3nico +52 800 999 2796, otros medios de contacto y correo electr\u00f3nico: cryolabADN@cryo-cell.com.mx<\/p>\n\n\n\n<p><strong>1. Disponibilidad, Accesibilidad o Interrupci\u00f3n del Sitio<\/strong><\/p>\n\n\n\n<p>Cryo-Cell se compromete a que la p\u00e1gina electr\u00f3nica cryolabADN.com se encuentre disponible. Como requisito para realizar pagos dentro del Sitio, el usuario deber\u00e1 contar con la mayor\u00eda de edad de conformidad con la legislaci\u00f3n aplicable, absteni\u00e9ndose de hacerlo quienes tengan alg\u00fan impedimento legal para llevar a cabo actos jur\u00eddicos.<\/p>\n\n\n\n<p>De cumplir con el requisito se\u00f1alado, la accesibilidad se encuentra a disposici\u00f3n del p\u00fablico, por lo que Cryo-Cell, se obliga a no establecer preferencias injustificadas o indebidas; o discriminaci\u00f3n alguna respecto a los usuarios del servicio.<\/p>\n\n\n\n<p>En caso de que el Sitio, no permita la accesibilidad del usuario, o se lleve a cabo una interrupci\u00f3n en la Tienda Virtual, el usuario podr\u00e1 reportar tal situaci\u00f3n en los medios de contacto del Sitio, mismo que se compromete a solucionar el problema a la brevedad posible.<\/p>\n\n\n\n<p>En el caso de que la interrupci\u00f3n del Sitio se genere en el momento en que el usuario realiza el pago correspondiente al servicio, y no se brinde al usuario la certeza en la finalizaci\u00f3n del pago, el usuario podr\u00e1 solicitar a Cryo-Cell mediante escrito dirigido a los medios de contacto establecidos por \u00e9ste, el estatus de la transacci\u00f3n comercial. En tal situaci\u00f3n, Cryo-Cell se compromete a dar respuesta dentro de las 72 horas siguientes a la recepci\u00f3n del escrito del usuario, salvo que se trate de incidencias o fallas t\u00e9cnicas derivadas de caso fortuito o fuerza mayor.<\/p>\n\n\n\n<p><strong>2. Procedimiento para la adquisici\u00f3n del servicio.<\/strong><\/p>\n\n\n\n<p><strong>2.1 Registro de usuario en el Sitio<\/strong><\/p>\n\n\n\n<p>Para realizar la compra del servicio, el usuario deber\u00e1 ingresar a cryolabADN.com., mediante una cuenta de registro existente, o en su defecto, registrarse para crear una nueva cuenta. A tal efecto, el usuario deber\u00e1 proporcionar los datos que se le soliciten en el formato de inscripci\u00f3n, requisitando todos los campos de informaci\u00f3n solicitados por el Sitio. Es responsabilidad del usuario proporcionar informaci\u00f3n exacta, precisa y certera, as\u00ed como actualizar su informaci\u00f3n cuando corresponda. Como medida de seguridad, el usuario al registrarse deber\u00e1 elaborar una contrase\u00f1a. El uso de la misma es de exclusiva responsabilidad del usuario, por lo cual se recomienda no compartir esta informaci\u00f3n.<\/p>\n\n\n\n<p>Puedes llevar a cabo tu registro aqu\u00ed. https:\/\/cryolabadn.com\/shop\/finalizar-compra\/<\/p>\n\n\n\n<p>Los datos proporcionados por el usuario, en t\u00e9rminos de la Ley Federal de Protecci\u00f3n de Datos Personales en Posesi\u00f3n de Particulares, ser\u00e1n considerados datos personales, por lo cual su tratamiento se restringir\u00e1 a lo se\u00f1alado en el Aviso de Privacidad que puede ser consultado en la siguiente referencia electr\u00f3nica: https:\/\/cryolabadn.com\/aviso-de-privacidad<\/p>\n\n\n\n<p>Adem\u00e1s, en cumplimiento del art\u00edculo 76 Bis, fracci\u00f3n I, de la Ley Federal de Protecci\u00f3n al Consumidor, Cryo-Cell se compromete a utilizar la informaci\u00f3n proporcionada por el usuario en forma confidencial, por lo que no podr\u00e1 difundirla o transmitirla a terceros ajenos a la transacci\u00f3n, salvo autorizaci\u00f3n expresa del propio usuario o por requerimiento de autoridad competente.<\/p>\n\n\n\n<p>De as\u00ed requerirlo, el usuario podr\u00e1 llevar a cabo mediante cryolabADN.com. una transacci\u00f3n comercial sin una cuenta de registro. En este caso, los costos, t\u00e9rminos y condiciones de los servicios ofertados deber\u00e1n ser los mismos que aquellos establecidos para usuarios con registro.<\/p>\n\n\n\n<p>Las condiciones de uso del Sitio, corresponden a las se\u00f1aladas en el <strong>Anexo A<\/strong> de los presentes t\u00e9rminos y condiciones, mismos que se pueden consultar en: https:\/\/cryolabadn.com\/shop\/terminos-y-condiciones<\/p>\n\n\n\n<p>Cryo-Cell, se obliga a que el usuario, previo a la elecci\u00f3n del servicio, tenga acceso a la siguiente informaci\u00f3n:<\/p>\n\n\n\n<ol style=\"list-style-type:lower-alpha\" class=\"wp-block-list\">\n<li>El costo total de la transacci\u00f3n comercial, incluidos los descuentos disponibles y todos los cargos, as\u00ed como los m\u00e9todos de pago y facturaci\u00f3n.<\/li>\n\n\n\n<li>Los impuestos adicionales al IVA que en su caso apliquen.<\/li>\n\n\n\n<li>En su caso, los cargos adicionales derivado del m\u00e9todo de pago que se utilice.<\/li>\n\n\n\n<li>En su caso, la frecuencia de pagos y cualquier condici\u00f3n asociada con el pago, incluyendo restricciones o condiciones aplicables.<\/li>\n<\/ol>\n\n\n\n<p><strong>2.2 Informaci\u00f3n del servicio.<\/strong><\/p>\n\n\n\n<p>Cryo-Cell manifiesta que la informaci\u00f3n que se proporciona sobre los servicios ofertados, es veraz, comprobable, clara y se encuentra exenta de textos, di\u00e1logos, sonidos, im\u00e1genes o alguna otra figura que induzca o pueda inducir a error o confusi\u00f3n al usuario.<\/p>\n\n\n\n<p>Cryo-Cell manifiesta que la informaci\u00f3n de los servicios ofrecidos contiene al menos los siguientes datos:<\/p>\n\n\n\n<ol style=\"list-style-type:lower-alpha\" class=\"wp-block-list\">\n<li>La descripci\u00f3n del servicio, incluyendo fecha, lugar y hora en que se llevar\u00e1 a cabo, duraci\u00f3n, plazo, qui\u00e9nes intervendr\u00e1n en el mismo; tambi\u00e9n se deber\u00e1 indicar si se subcontratar\u00e1 a una persona f\u00edsica o moral para prestar los servicios en cuyo caso deber\u00e1 proporcionar los datos de identificaci\u00f3n de la misma. Cryo-Cell garantizar\u00e1 que los proveedores que utilicen la p\u00e1gina de internet para la comercializaci\u00f3n de sus servicios, incluir\u00e1n toda la informaci\u00f3n respecto de \u00e9stos;<\/li>\n\n\n\n<li>Deber\u00e1 informar sobre el plazo de las garant\u00edas;<\/li>\n\n\n\n<li>Las restricciones del servicio, que en su caso apliquen;<\/li>\n\n\n\n<li>El monto total a pagar en moneda nacional, y cualquier otra contribuci\u00f3n u otros cargos adicionales, en su caso, las bonificaciones en efectivo, premios, descuentos, as\u00ed como la vigencia de \u00e9stos, adem\u00e1s de mencionar si existen cargos recurrentes y procedimiento de modificaci\u00f3n de los mismos;<\/li>\n\n\n\n<li>En su caso, el procedimiento para la renovaci\u00f3n, modificaci\u00f3n, terminaci\u00f3n anticipada o cancelaci\u00f3n del servicio,<\/li>\n\n\n\n<li>En caso de tratarse de transacciones internacionales, Cryo-Cell debe incluir un aviso relativo a la posible aplicaci\u00f3n de impuestos a la importaci\u00f3n o cualquier otro que en su caso aplique, as\u00ed como las consecuencias de la omisi\u00f3n de pago; y<\/li>\n\n\n\n<li>Las dem\u00e1s condiciones aplicables establecidas en el art\u00edculo 7 de la Ley Federal de Protecci\u00f3n al Consumidor.<\/li>\n<\/ol>\n\n\n\n<p>En consecuencia, el usuario manifiesta que es conocedor de las especificaciones, caracter\u00edsticas, condiciones, t\u00e9rminos, plazos de entrega y precio total que aplican al servicio elegido.<\/p>\n\n\n\n<p>No obstante lo anterior, Cryo-Cell manifiesta que el usuario, podr\u00e1 realizar cambios en cualquier selecci\u00f3n o secci\u00f3n de servicios, as\u00ed tambi\u00e9n el usuario podr\u00e1 consultar la informaci\u00f3n sobre el servicio antes de aceptar la transacci\u00f3n.<\/p>\n\n\n\n<p>Para concretar la adquisici\u00f3n del servicio, el usuario, dentro del Sitio, deber\u00e1 manifestar su consentimiento para la adquisici\u00f3n del mismo, eligiendo la opci\u00f3n correspondiente a la compra del servicio seleccionado, posteriormente deber\u00e1 seleccionar la opci\u00f3n de forma de pago que m\u00e1s le favorezca, mismas que se encuentran se\u00f1aladas en el <strong>Anexo B<\/strong> de los presentes t\u00e9rminos y condiciones, mismos que se pueden consultar en: https:\/\/cryolabadn.com\/shop\/terminos-y-condiciones<\/p>\n\n\n\n<p>Cryo-Cell deber\u00e1 entregar al usuario el comprobante de la transacci\u00f3n realizada, en el cual se deben considerar al menos los siguientes puntos:<\/p>\n\n\n\n<ol style=\"list-style-type:lower-alpha\" class=\"wp-block-list\">\n<li>Generar el n\u00famero de identificaci\u00f3n de la transacci\u00f3n comercial una vez que la transacci\u00f3n sea autorizada.<\/li>\n\n\n\n<li>Proporcionar el n\u00famero de la transacci\u00f3n comercial, detalles de la misma y la direcci\u00f3n de la prestaci\u00f3n del servicio adquirido.<\/li>\n\n\n\n<li>Permitir el seguimiento de la transacci\u00f3n comercial, a trav\u00e9s del n\u00famero de transacci\u00f3n o n\u00famero de cuenta en el Sitio.<\/li>\n\n\n\n<li>Informar los medios de contacto o ayuda en caso de modificaciones o errores.<\/li>\n\n\n\n<li>El medio en que se entregar\u00e1n o pondr\u00e1n a disposici\u00f3n del Consumidor el comprobante fiscal (factura electr\u00f3nica) y\/o el Comprobante de la Transacci\u00f3n, los cuales se emitir\u00e1n sin ning\u00fan costo para el consumidor.<\/li>\n<\/ol>\n\n\n\n<p>A solicitud del usuario, Cryo-Cell adem\u00e1s deber\u00e1 entregar el comprobante fiscal que ampare la transacci\u00f3n comercial de m\u00e9rito.<\/p>\n\n\n\n<p>Cryo-Cell manifiesta que las condiciones de prestaci\u00f3n del servicio adquirido se encuentran determinadas en el <strong>Anexo C<\/strong> de estos t\u00e9rminos y condiciones, mismos que se pueden consultar en: https:\/\/cryolabadn.com\/shop\/terminos-y-condiciones<\/p>\n\n\n\n<p>Cryo-Cell manifiesta que ha hecho del conocimiento del consumidor que puede calificar los servicios ofertados, manifestando su experiencia de la transacci\u00f3n comercial. Cryo-Cell se obliga a publicitar las evaluaciones y opiniones de los consumidores.<\/p>\n\n\n\n<p><strong>3. Revocaci\u00f3n del consentimiento del usuario.<\/strong><\/p>\n\n\n\n<p>Adem\u00e1s de los derechos del usuario, previstos en la Ley Federal de Protecci\u00f3n al Consumidor (art\u00edculos 76 BIS y 76 BIS 1), el usuario podr\u00e1, dentro de las siguientes 24 horas contados a partir de la adquisici\u00f3n del servicio, revocar su consentimiento, sin responsabilidad ni justificaci\u00f3n alguna, siempre y cuando el consumidor no haya recibido la prestaci\u00f3n del mismo.<\/p>\n\n\n\n<p>En caso de proceder la revocaci\u00f3n, Cryo-Cell estar\u00e1 obligado a reintegrar la totalidad del precio pagado por el usuario, con excepci\u00f3n de los costos administrativos generados, los cuales se devengan una vez que Cryo-Cell notifique al usuario sobre el inicio de la prestaci\u00f3n del servicio y tienen un costo de $700.00 (Setecientos pesos 00\/100 Moneda Nacional).<\/p>\n\n\n\n<p>Por la naturaleza de los servicios, ser\u00e1 considerado que Cryo-Cell realiz\u00f3 la prestaci\u00f3n de los servicios al momento en que el usuario sea notificado de acuerdo a los t\u00e9rminos y condiciones en: https:\/\/cryolabadn.com\/shop\/terminos-y-condiciones, a trav\u00e9s del correo electr\u00f3nico registrado al momento de crear su perfil dentro del Sitio. En caso de que los servicios adquiridos por el Usuario a trav\u00e9s del Sitio hayan sido efectivamente prestados, el proceso de revocaci\u00f3n del consentimiento operar\u00e1 de acuerdo a los t\u00e9rminos y condiciones se\u00f1alados en esta secci\u00f3n.<\/p>\n\n\n\n<p><strong>4. Mecanismos de notificaciones o medios de comunicaci\u00f3n con el consumidor.<\/strong><\/p>\n\n\n\n<p>Las notificaciones a los usuarios del Sitio, derivadas de las transacciones comerciales que correspondan, ser\u00e1n realizadas por escrito al correo electr\u00f3nico o datos de contacto que proporcion\u00f3 el usuario al momento de su registro en la Tienda Virtual.<\/p>\n\n\n\n<p>Las notificaciones, comentarios o comunicaciones que desee formular el usuario deber\u00e1n realizarse por medio del Sitio o, en su defecto, a trav\u00e9s de los medios de contacto que son:<\/p>\n\n\n\n<p>Tel\u00e9fono: +55 800 999 2796<br>WhatsApp:<br>Correo electr\u00f3nico: cryolabADN@cryo-cell.com.mx<br>En un horario de lunes a viernes de 9:30a.m. a 5:30p.m.<\/p>\n\n\n\n<p><strong>5. Mecanismos de cancelaci\u00f3n de los servicios adquiridos.<\/strong><\/p>\n\n\n\n<p>Los mecanismos de cancelaci\u00f3n de los servicios, devoluci\u00f3n de la cantidad pagada y, en su caso, la bonificaci\u00f3n se encuentra descritos en el ANEXO D, mismos que se pueden consultar en: https:\/\/cryolabadn.com\/shop\/terminos-y-condiciones<\/p>\n\n\n\n<p>Cryo-Cell deber\u00e1 expedir la p\u00f3liza de garant\u00eda por escrito, de manera clara y precisa, expresando, por lo menos su alcance, duraci\u00f3n, condiciones, mecanismos para hacerla efectiva, domicilio para reclamaciones y establecimientos o talleres de servicio, cuando corresponda. Cryo-Cell se compromete a entregar al consumidor la p\u00f3liza correspondiente al momento de prestar el servicio.<\/p>\n\n\n\n<p>En tal sentido, Cryo-Cell manifiesta que el cumplimiento de las garant\u00edas es exigible, indistintamente, al productor, al importador y al distribuidor del servicio. El cumplimiento de las garant\u00edas deber\u00e1 realizarse en el domicilio en que haya sido adquirido el servicio, o en el lugar o lugares que exprese la propia p\u00f3liza. Cryo-Cell se compromete a cubrir al consumidor los gastos necesarios erogados para lograr el cumplimiento de la garant\u00eda en domicilio diverso al se\u00f1alado para tal efecto.<\/p>\n\n\n\n<p>Cryo-Cell reconoce el derecho que le asiste al consumidor respecto a la bonificaci\u00f3n o compensaci\u00f3n, cuando el servicio adquirido no cumpla con la normatividad aplicable.<\/p>\n\n\n\n<p><strong>6. Mecanismos de soluci\u00f3n para las reclamaciones o aclaraciones.<\/strong><\/p>\n\n\n\n<p>Las reclamaciones o aclaraciones que formule el usuario deber\u00e1n dirigirse por escrito a CryoCell a trav\u00e9s de los medios de contacto indicados por \u00e9ste en estos t\u00e9rminos y condiciones. En caso de que la recepci\u00f3n de reclamaciones o aclaraciones por v\u00eda telef\u00f3nica ser\u00e1, en su caso, lunes a viernes entre 9:30a.m. y 5:30p.m., guardando la evidencia de la reclamaci\u00f3n o aclaraci\u00f3n respectiva. Si el usuario opta por utilizar el correo electr\u00f3nico u otro medio de contacto electr\u00f3nico, la recepci\u00f3n de reclamaciones o aclaraciones ser\u00e1 permanente. El procedimiento de atenci\u00f3n de las reclamaciones o aclaraciones deber\u00e1 sujetarse a lo siguiente:<\/p>\n\n\n\n<ol style=\"list-style-type:lower-alpha\" class=\"wp-block-list\">\n<li><span style=\"text-decoration: underline;\">Para las reclamaciones<\/span>. Cryo-Cell deber\u00e1 dar respuesta por escrito al usuario dentro de un plazo que no podr\u00e1 exceder el t\u00e9rmino m\u00e1ximo de 48 horas posteriores al ingreso de la reclamaci\u00f3n. La respuesta correspondiente deber\u00e1 ser remitida al correo electr\u00f3nico que el usuario proporcione para tal efecto.<\/li>\n\n\n\n<li><span style=\"text-decoration: underline;\">Para las aclaraciones.<\/span> Cryo-Cell deber\u00e1 dar respuesta por escrito al usuario dentro de un plazo que no podr\u00e1 exceder el t\u00e9rmino m\u00e1ximo de 72 horas posteriores al ingreso de la aclaraci\u00f3n. La respuesta correspondiente deber\u00e1 ser remitida al correo electr\u00f3nico que el usuario proporcione para tal efecto.<\/li>\n<\/ol>\n\n\n\n<p><strong>7. Normatividad y pol\u00edticas aplicables en caso de controversia.<\/strong><\/p>\n\n\n\n<p>Cryo-Cell manifiesta que la Procuradur\u00eda Federal del Consumidor es competente en la v\u00eda administrativa para resolver cualquier controversia que se suscite sobre la interpretaci\u00f3n o cumplimiento de los presentes t\u00e9rminos y condiciones. Sin perjuicio de lo anterior, las partes podr\u00e1n solucionar cualquier controversia que derive de la transacci\u00f3n comercial mediante el procedimiento de soluci\u00f3n de conflictos, mismo que puede ser consultado aqu\u00ed: https:\/\/cryolabadn.com\/shop\/terminos-y-condiciones se someten a la jurisdicci\u00f3n de los Tribunales competentes en la Ciudad de M\u00e9xico, ubicados dentro de Territorio Nacional, renunciando expresamente a cualquier otra jurisdicci\u00f3n que pudiera corresponderles, por raz\u00f3n de sus domicilios presentes o futuros o por cualquier otra raz\u00f3n.<\/p>\n\n\n\n<p><strong>8. Mecanismos de seguridad del Sitio.<\/strong><\/p>\n\n\n\n<p>Cryo-Cell manifiesta que para la comercializaci\u00f3n de servicios cuenta con los siguientes mecanismos de seguridad. Utilizamos protocolos de seguridad como SSL y pasarela de pagos con proveedores acreditados, adem\u00e1s contamos con plugins de seguridad en wordpess como Wordfence y Cloudfare.<\/p>\n\n\n\n<p><strong>9. Sobre el uso de la informaci\u00f3n proporcionada por el usuario para fines mercadot\u00e9cnicos o el env\u00edo de publicidad.<\/strong><\/p>\n\n\n\n<p>El consumidor acepta SI o NO que Cryo-Cell transmita a terceros con fines mercadot\u00e9cnicos o publicitarios, la informaci\u00f3n proporcionada por \u00e9l con motivo del presente Contrato y SI o NO acepta o no que se le env\u00ede publicidad sobre bienes, productos o servicios.<\/p>\n\n\n\n<p>En caso de que el consumidor no acepte que su informaci\u00f3n sea cedida o transmitida a terceros con fines mercadot\u00e9cnicos o publicitarios y\/o no acepte que el proveedor le env\u00ede publicidad sobre bienes y servicios, el proveedor manifiesta que en la prestaci\u00f3n de los servicios contratados no habr\u00e1 discriminaci\u00f3n alguna en contra del consumidor por este hecho, oblig\u00e1ndose a cumplir con los t\u00e9rminos y condiciones del contrato sin que mediare trato distinto respecto de los consumidores que hubieren manifestado su consentimiento en aceptar que su informaci\u00f3n sea utilizada con dichos fines y\/o en recibir la informaci\u00f3n de m\u00e9rito.<\/p>\n\n\n\n<p>Una vez le\u00eddos y comprendidos los t\u00e9rminos y condiciones, el usuario manifiesta que ha comprendido el alcance legal de sus derechos y obligaciones y, en consecuencia, otorga su consentimiento para que las transacciones comerciales correspondientes se reglamenten bajo estos t\u00e9rminos y condiciones.<\/p>\n\n\n\n<p>Este contrato fue aprobado y registrado por la Procuradur\u00eda Federal del Consumidor bajo el n\u00famero de fecha **. Cualquier variaci\u00f3n del presente contrato en perjuicio del usuario, frente al contrato de adhesi\u00f3n registrado, se tendr\u00e1 por no puesta.<\/p>\n\n\n\n<p><strong>ANEXO A. CONDICIONES DE USO<\/strong><\/p>\n\n\n\n<p>Pueden consultarlos en: https:\/\/cryolabadn.com\/shop\/terminos-y-condiciones<br>Fecha de actualizaci\u00f3n: 17\/05\/2025<\/p>\n\n\n\n<p><strong>ANEXO B. FORMAS DE PAGO.<\/strong><br>Pueden consultarlos en: https:\/\/cryolabadn.com\/shop\/terminos-y-condiciones<br>Fecha de actualizaci\u00f3n: 17\/05\/2025<\/p>\n\n\n\n<p><strong>ANEXO C. CONDICIONES DE PRESTACI\u00d3N DEL SERVICIO ADQUIRIDO.<\/strong><br>Pueden consultarlos en: https:\/\/cryolabadn.com\/shop\/terminos-y-condiciones<br>Fecha de actualizaci\u00f3n: 17\/05\/2025<\/p>\n\n\n\n<p><strong>ANEXO D. CANCELACI\u00d3N DE SERVICIOS ADQUIRIDOS.<\/strong><br>Pueden consultarlos en: https:\/\/cryolabadn.com\/shop\/terminos-y-condiciones<br>Fecha de actualizaci\u00f3n: 17\/05\/2025<\/p>\n\n\n\n<p><strong><br><\/strong><\/p>\n","protected":false},"excerpt":{"rendered":"<p>El presente contrato describe los t\u00e9rminos y condiciones con los cuales las partes contratantes aceptan llevar a cabo la correspondiente transacci\u00f3n comercial. Por lo anterior, se recomienda al usuario leer detenidamente los mismos, a efecto de tener pleno conocimiento de sus derechos y obligaciones dentro de la relaci\u00f3n de consumo. Cryo-Cell de M\u00e9xico, S.A. de&#8230;<\/p>\n","protected":false},"author":1,"featured_media":0,"parent":0,"menu_order":0,"comment_status":"closed","ping_status":"closed","template":"","meta":{"_acf_changed":false,"footnotes":""},"class_list":["post-360","page","type-page","status-publish","hentry","entry"],"acf":[],"_links":{"self":[{"href":"https:\/\/cryolabadn.com\/shop\/wp-json\/wp\/v2\/pages\/360","targetHints":{"allow":["GET"]}}],"collection":[{"href":"https:\/\/cryolabadn.com\/shop\/wp-json\/wp\/v2\/pages"}],"about":[{"href":"https:\/\/cryolabadn.com\/shop\/wp-json\/wp\/v2\/types\/page"}],"author":[{"embeddable":true,"href":"https:\/\/cryolabadn.com\/shop\/wp-json\/wp\/v2\/users\/1"}],"replies":[{"embeddable":true,"href":"https:\/\/cryolabadn.com\/shop\/wp-json\/wp\/v2\/comments?post=360"}],"version-history":[{"count":2,"href":"https:\/\/cryolabadn.com\/shop\/wp-json\/wp\/v2\/pages\/360\/revisions"}],"predecessor-version":[{"id":362,"href":"https:\/\/cryolabadn.com\/shop\/wp-json\/wp\/v2\/pages\/360\/revisions\/362"}],"wp:attachment":[{"href":"https:\/\/cryolabadn.com\/shop\/wp-json\/wp\/v2\/media?parent=360"}],"curies":[{"name":"wp","href":"https:\/\/api.w.org\/{rel}","templated":true}]}}