{"id":50,"date":"2024-07-02T18:18:57","date_gmt":"2024-07-02T18:18:57","guid":{"rendered":"https:\/\/bancos-celulas-madre.org\/shop\/?post_type=product&#038;p=50"},"modified":"2026-04-24T12:15:42","modified_gmt":"2026-04-24T18:15:42","slug":"adn","status":"publish","type":"product","link":"https:\/\/cryolabadn.com\/shop\/producto\/adn\/","title":{"rendered":"KIT ADN by Cryolab"},"content":{"rendered":"<p>Una muestra de saliva es suficiente para conocer c\u00f3mo tu ADN influye en tu salud, nutrici\u00f3n, rendimiento y bienestar. Analizamos miles de variaciones peque\u00f1as en tu ADN que te hacen \u00fanico y calculamos un puntaje global (PRS) que resume tu tendencia a ciertas caracter\u00edsticas o condiciones.<\/p>\n<p>Tus resultados estar\u00e1n disponibles en una plataforma digital donde encontrar\u00e1s la explicaci\u00f3n, en lenguaje claro y sencillo, de cada rasgo reportado, para que realmente entiendas qu\u00e9 significa y c\u00f3mo aplicarlo en tu d\u00eda a d\u00eda.<\/p>\n<p><strong>C\u00f3mo funciona:<\/strong><br \/>\nRecibe tu kit y toma tu muestra de saliva en casa.<br \/>\nEnv\u00eda tu muestra a nuestro laboratorio.<br \/>\nConsulta tus resultados y explicaciones en nuestra plataforma en l\u00ednea.<br \/>\nCon +ADN, la ciencia se convierte en una herramienta pr\u00e1ctica que se adapta a tu gen\u00e9tica para ayudarte a tomar mejores decisiones sobre tu bienestar<\/p>\n<p><strong>Con +ADN podr\u00e1s acceder a un gran n\u00famero de paneles para conocerte mejor, explorar y cu\u00eddarte.<\/strong><\/p>\n<ul>\n<li>Nutrigen\u00e9tica<\/li>\n<li>Or\u00edgenes y ancestr\u00eda<\/li>\n<li>Salud y farmacogen\u00e9tica<\/li>\n<li>Entrenamiento y fitness<\/li>\n<li>Longevidad y personalidad<\/li>\n<li>Entre mucho m\u00e1s<\/li>\n<\/ul>\n<p>&nbsp;<\/p>\n","protected":false},"excerpt":{"rendered":"<ul>\n<li>Pago seguro garantizado<\/li>\n<li>Entrega gratuita<\/li>\n<li>Atenci\u00f3n personalizada<\/li>\n<\/ul>\n","protected":false},"featured_media":531,"template":"","meta":{"_acf_changed":false},"product_brand":[],"product_cat":[26],"product_tag":[],"class_list":{"0":"post-50","1":"product","2":"type-product","3":"status-publish","4":"has-post-thumbnail","6":"product_cat-adn","7":"entry","9":"first","10":"instock","11":"sold-individually","12":"taxable","13":"shipping-taxable","14":"purchasable","15":"product-type-simple"},"acf":[],"_links":{"self":[{"href":"https:\/\/cryolabadn.com\/shop\/wp-json\/wp\/v2\/product\/50","targetHints":{"allow":["GET"]}}],"collection":[{"href":"https:\/\/cryolabadn.com\/shop\/wp-json\/wp\/v2\/product"}],"about":[{"href":"https:\/\/cryolabadn.com\/shop\/wp-json\/wp\/v2\/types\/product"}],"wp:featuredmedia":[{"embeddable":true,"href":"https:\/\/cryolabadn.com\/shop\/wp-json\/wp\/v2\/media\/531"}],"wp:attachment":[{"href":"https:\/\/cryolabadn.com\/shop\/wp-json\/wp\/v2\/media?parent=50"}],"wp:term":[{"taxonomy":"product_brand","embeddable":true,"href":"https:\/\/cryolabadn.com\/shop\/wp-json\/wp\/v2\/product_brand?post=50"},{"taxonomy":"product_cat","embeddable":true,"href":"https:\/\/cryolabadn.com\/shop\/wp-json\/wp\/v2\/product_cat?post=50"},{"taxonomy":"product_tag","embeddable":true,"href":"https:\/\/cryolabadn.com\/shop\/wp-json\/wp\/v2\/product_tag?post=50"}],"curies":[{"name":"wp","href":"https:\/\/api.w.org\/{rel}","templated":true}]}}